{"id":3242,"date":"2024-04-01T09:26:44","date_gmt":"2024-04-01T09:26:44","guid":{"rendered":"https:\/\/stg.unpr-rse.ro\/?page_id=3242"},"modified":"2024-04-01T15:30:10","modified_gmt":"2024-04-01T15:30:10","slug":"beneficii","status":"publish","type":"page","link":"https:\/\/stg.unpr-rse.ro\/en\/beneficii\/","title":{"rendered":"Benefits"},"content":{"rendered":"<div data-elementor-type=\"wp-page\" data-elementor-id=\"3242\" class=\"elementor elementor-3242\" data-elementor-post-type=\"page\">\n\t\t\t\t\t\t<section class=\"elementor-section elementor-top-section elementor-element elementor-element-4f149eb elementor-section-full_width elementor-section-height-default elementor-section-height-default\" data-id=\"4f149eb\" data-element_type=\"section\">\n\t\t\t\t\t\t<div class=\"elementor-container elementor-column-gap-no\">\n\t\t\t\t\t<div class=\"elementor-column elementor-col-100 elementor-top-column elementor-element elementor-element-bc23ceb\" data-id=\"bc23ceb\" data-element_type=\"column\">\n\t\t\t<div class=\"elementor-widget-wrap\">\n\t\t\t\t\t\t\t<\/div>\n\t\t<\/div>\n\t\t\t\t\t<\/div>\n\t\t<\/section>\n\t\t\t\t<section class=\"elementor-section elementor-top-section elementor-element elementor-element-a5096e9 theme-bg elementor-section-boxed elementor-section-height-default elementor-section-height-default\" data-id=\"a5096e9\" data-element_type=\"section\">\n\t\t\t\t\t\t<div class=\"elementor-container elementor-column-gap-no\">\n\t\t\t\t\t<div class=\"elementor-column elementor-col-100 elementor-top-column elementor-element elementor-element-2acbaa2\" data-id=\"2acbaa2\" data-element_type=\"column\">\n\t\t\t<div class=\"elementor-widget-wrap elementor-element-populated\">\n\t\t\t\t\t\t<div class=\"elementor-element elementor-element-d49b068 elementor-widget elementor-widget-modina_section_title\" data-id=\"d49b068\" data-element_type=\"widget\" data-widget_type=\"modina_section_title.default\">\n\t\t\t\t<div class=\"elementor-widget-container\">\n\t\t\t\r\n        <div class=\"block-contents text-center\">\r\n        <div class=\"section-title\">\r\n            <h5 class=\"text-center\"><\/h5>\r\n            <span><\/span>\r\n            <h2><span>The Benefits of Community<\/span><\/h2>\r\n        <\/div>\r\n            <\/div>\r\n    \r\n    \t\t<\/div>\n\t\t\t\t<\/div>\n\t\t\t\t<div class=\"elementor-element elementor-element-b1dec57 elementor-widget elementor-widget-modina_service_card_2\" data-id=\"b1dec57\" data-element_type=\"widget\" data-widget_type=\"modina_service_card_2.default\">\n\t\t\t\t<div class=\"elementor-widget-container\">\n\t\t\t\n    <div class=\"row\">\n     \n        <div class=\"col-xl-4 col-md-6 col-12\">\n            <div class=\"service-item-card-2 text-center\">\n                <div class=\"featured-img\" style=\"background-image: url('https:\/\/stg.unpr-rse.ro\/wp-content\/uploads\/2023\/08\/pexels-the-coach-space-2977565-scaled-e1692871534235.jpg')\"><\/div>\n                                <div class=\"contents\">\n                                        <h3><a href=\"https:\/\/stg.unpr-rse.ro\/en\/consultanta\/\">Consultancy<\/a><\/h3>\n                                                            <p>We provide financial, legal, scaling, and business consultancy for our members.<\/p>\n                                        <a href=\"https:\/\/stg.unpr-rse.ro\/en\/consultanta\/\" class=\"read-more-link\">More Details<\/a>\n                <\/div>\n            <\/div>\n        <\/div>\n         \n        <div class=\"col-xl-4 col-md-6 col-12\">\n            <div class=\"service-item-card-2 text-center\">\n                <div class=\"featured-img\" style=\"background-image: url('https:\/\/stg.unpr-rse.ro\/wp-content\/uploads\/2023\/08\/pexels-fauxels-3184360-scaled.jpg')\"><\/div>\n                                <div class=\"contents\">\n                                        <h3><a href=\"https:\/\/stg.unpr-rse.ro\/en\/cursuri-si-workshop-uri\/\">Courses and Workshops<\/a><\/h3>\n                                                            <p>We organize courses and workshops dedicated to entrepreneurs and employees, on various business topics.<\/p>\n                                        <a href=\"https:\/\/stg.unpr-rse.ro\/en\/cursuri-si-workshop-uri\/\" class=\"read-more-link\">More Details<\/a>\n                <\/div>\n            <\/div>\n        <\/div>\n         \n        <div class=\"col-xl-4 col-md-6 col-12\">\n            <div class=\"service-item-card-2 text-center\">\n                <div class=\"featured-img\" style=\"background-image: url('https:\/\/stg.unpr-rse.ro\/wp-content\/uploads\/2023\/08\/pexels-matheus-bertelli-3321793-scaled.jpg')\"><\/div>\n                                <div class=\"contents\">\n                                        <h3><a href=\"https:\/\/stg.unpr-rse.ro\/en\/evenimente-business\/\">Business Events<\/a><\/h3>\n                                                            <p>We organize socializing and networking events, promoting interaction between companies.<\/p>\n                                        <a href=\"https:\/\/stg.unpr-rse.ro\/en\/evenimente-business\/\" class=\"read-more-link\">More Details<\/a>\n                <\/div>\n            <\/div>\n        <\/div>\n         \n        <div class=\"col-xl-4 col-md-6 col-12\">\n            <div class=\"service-item-card-2 text-center\">\n                <div class=\"featured-img\" style=\"background-image: url('https:\/\/stg.unpr-rse.ro\/wp-content\/uploads\/2023\/08\/pexels-rdne-stock-project-7413915-scaled.jpg')\"><\/div>\n                                <div class=\"contents\">\n                                        <h3><a href=\"https:\/\/stg.unpr-rse.ro\/en\/hub-de-startup-uri-si-investitii\/\">STARTUP HUB AND INVESTMENTS<\/a><\/h3>\n                                                            <p>We are building a community where startups can find all the resources necessary for development and scaling.<\/p>\n                                        <a href=\"https:\/\/stg.unpr-rse.ro\/en\/hub-de-startup-uri-si-investitii\/\" class=\"read-more-link\">More Details<\/a>\n                <\/div>\n            <\/div>\n        <\/div>\n         \n        <div class=\"col-xl-4 col-md-6 col-12\">\n            <div class=\"service-item-card-2 text-center\">\n                <div class=\"featured-img\" style=\"background-image: url('https:\/\/stg.unpr-rse.ro\/wp-content\/uploads\/2023\/08\/pexels-fauxels-3183197-scaled.jpg')\"><\/div>\n                                <div class=\"contents\">\n                                        <h3><a href=\"https:\/\/stg.unpr-rse.ro\/en\/platforma-de-promovare-si-branding\/\">PROMOTION AND BRANDING PLATFORM<\/a><\/h3>\n                                                            <p>We are developing a platform for presentations or demonstrations of services and products, and an online promotion hub.<\/p>\n                                        <a href=\"https:\/\/stg.unpr-rse.ro\/en\/platforma-de-promovare-si-branding\/\" class=\"read-more-link\">More Details<\/a>\n                <\/div>\n            <\/div>\n        <\/div>\n         \n        <div class=\"col-xl-4 col-md-6 col-12\">\n            <div class=\"service-item-card-2 text-center\">\n                <div class=\"featured-img\" style=\"background-image: url('https:\/\/stg.unpr-rse.ro\/wp-content\/uploads\/2023\/08\/pexels-photo-5212700.webp')\"><\/div>\n                                <div class=\"contents\">\n                                        <h3><a href=\"https:\/\/stg.unpr-rse.ro\/en\/academia-viitorului\/\">Future Academy<\/a><\/h3>\n                                                            <p>Because what we offer to the next generation is important, we teach children and young people the stages of personal and business development.<\/p>\n                                        <a href=\"https:\/\/stg.unpr-rse.ro\/en\/academia-viitorului\/\" class=\"read-more-link\">More Details<\/a>\n                <\/div>\n            <\/div>\n        <\/div>\n         \n        <div class=\"col-xl-4 col-md-6 col-12\">\n            <div class=\"service-item-card-2 text-center\">\n                <div class=\"featured-img\" style=\"background-image: url('https:\/\/stg.unpr-rse.ro\/wp-content\/uploads\/2023\/08\/pexels-roberto-nickson-3082341-scaled.jpg')\"><\/div>\n                                <div class=\"contents\">\n                                        <h3><a href=\"https:\/\/stg.unpr-rse.ro\/en\/servicii-de-digitalizare\/\">Digital Transformations Services<\/a><\/h3>\n                                                            <p>With the help of our partners, we have created an easy process of digitalization or automation for any business.<\/p>\n                                        <a href=\"https:\/\/stg.unpr-rse.ro\/en\/servicii-de-digitalizare\/\" class=\"read-more-link\">More Details<\/a>\n                <\/div>\n            <\/div>\n        <\/div>\n         \n        <div class=\"col-xl-4 col-md-6 col-12\">\n            <div class=\"service-item-card-2 text-center\">\n                <div class=\"featured-img\" style=\"background-image: url('https:\/\/stg.unpr-rse.ro\/wp-content\/uploads\/2023\/08\/pexels-canva-studio-3277806-2-scaled.jpg')\"><\/div>\n                                <div class=\"contents\">\n                                        <h3><a href=\"https:\/\/stg.unpr-rse.ro\/en\/programul-femeilor-antreprenor\/\">Women Entrepreneurs Program<\/a><\/h3>\n                                                            <p>We strongly support equal opportunities by providing various facilities for women entrepreneurs.<\/p>\n                                        <a href=\"https:\/\/stg.unpr-rse.ro\/en\/programul-femeilor-antreprenor\/\" class=\"read-more-link\">More Details<\/a>\n                <\/div>\n            <\/div>\n        <\/div>\n         \n        <div class=\"col-xl-4 col-md-6 col-12\">\n            <div class=\"service-item-card-2 text-center\">\n                <div class=\"featured-img\" style=\"background-image: url('https:\/\/stg.unpr-rse.ro\/wp-content\/uploads\/2023\/09\/pexels-pixabay-416405-scaled.jpg')\"><\/div>\n                                <div class=\"contents\">\n                                        <h3><a href=\"https:\/\/stg.unpr-rse.ro\/en\/initiative-strategice-locale-si-regionale\/\">Local and Regional Strategic Initiatives<\/a><\/h3>\n                                                            <p>We are developing the local, regional public and private ecosystem through the involvement of companies in our area.<\/p>\n                                        <a href=\"https:\/\/stg.unpr-rse.ro\/en\/initiative-strategice-locale-si-regionale\/\" class=\"read-more-link\">More Details<\/a>\n                <\/div>\n            <\/div>\n        <\/div>\n         \n        <div class=\"col-xl-4 col-md-6 col-12\">\n            <div class=\"service-item-card-2 text-center\">\n                <div class=\"featured-img\" style=\"background-image: url('https:\/\/stg.unpr-rse.ro\/wp-content\/uploads\/2023\/09\/pexels-fauxels-3184325-scaled.jpg')\"><\/div>\n                                <div class=\"contents\">\n                                        <h3><a href=\"https:\/\/stg.unpr-rse.ro\/en\/apartenenta-la-o-comunitate-exclusivista\/\">Membership in an Exclusive Community<\/a><\/h3>\n                                                            <p>We provide permanent access to mentors, consultants, investors, and entrepreneurs to collectively foster a sustainable business environment.<\/p>\n                                        <a href=\"https:\/\/stg.unpr-rse.ro\/en\/apartenenta-la-o-comunitate-exclusivista\/\" class=\"read-more-link\">More Details<\/a>\n                <\/div>\n            <\/div>\n        <\/div>\n         \n        <div class=\"col-xl-4 col-md-6 col-12\">\n            <div class=\"service-item-card-2 text-center\">\n                <div class=\"featured-img\" style=\"background-image: url('https:\/\/stg.unpr-rse.ro\/wp-content\/uploads\/2023\/09\/pexels-photo-6590919-e1693653493227.webp')\"><\/div>\n                                <div class=\"contents\">\n                                        <h3><a href=\"https:\/\/stg.unpr-rse.ro\/en\/proiecte-caritabile\/\">Charitable Projects<\/a><\/h3>\n                                                            <p>We gratefully engage in the local community by developing projects with significant social impact.<\/p>\n                                        <a href=\"https:\/\/stg.unpr-rse.ro\/en\/proiecte-caritabile\/\" class=\"read-more-link\">More Details<\/a>\n                <\/div>\n            <\/div>\n        <\/div>\n            <\/div>\n\n    \t\t<\/div>\n\t\t\t\t<\/div>\n\t\t\t\t\t<\/div>\n\t\t<\/div>\n\t\t\t\t\t<\/div>\n\t\t<\/section>\n\t\t\t\t<\/div>","protected":false},"excerpt":{"rendered":"<p>Beneficiile comunit\u0103\u021bii Consultan\u021b\u0103 Oferim membrilor consultan\u021b\u0103 financiar\u0103, juridic\u0103, de scalare \u0219i de business. Mai multe detalii Cursuri \u0219i workshop-uri Organiz\u0103m cursuri \u0219i workshop-uri dedicate antreprenorilor \u0219i angaja\u021bilor, pe diverse teme de business. Mai multe detalii Evenimente Business Organiz\u0103m evenimente de socializare \u0219i networking, promov\u00e2nd interac\u021biunea dintre companii. Mai multe detalii Hub de startup-uri \u0219i investi\u021bii [&hellip;]<\/p>","protected":false},"author":1,"featured_media":0,"parent":0,"menu_order":0,"comment_status":"closed","ping_status":"closed","template":"elementor_header_footer","meta":{"om_disable_all_campaigns":false,"_monsterinsights_skip_tracking":false,"_monsterinsights_sitenote_active":false,"_monsterinsights_sitenote_note":"","_monsterinsights_sitenote_category":0,"footnotes":""},"class_list":["post-3242","page","type-page","status-publish","hentry"],"acf":[],"aioseo_notices":[],"_links":{"self":[{"href":"https:\/\/stg.unpr-rse.ro\/en\/wp-json\/wp\/v2\/pages\/3242","targetHints":{"allow":["GET"]}}],"collection":[{"href":"https:\/\/stg.unpr-rse.ro\/en\/wp-json\/wp\/v2\/pages"}],"about":[{"href":"https:\/\/stg.unpr-rse.ro\/en\/wp-json\/wp\/v2\/types\/page"}],"author":[{"embeddable":true,"href":"https:\/\/stg.unpr-rse.ro\/en\/wp-json\/wp\/v2\/users\/1"}],"replies":[{"embeddable":true,"href":"https:\/\/stg.unpr-rse.ro\/en\/wp-json\/wp\/v2\/comments?post=3242"}],"version-history":[{"count":7,"href":"https:\/\/stg.unpr-rse.ro\/en\/wp-json\/wp\/v2\/pages\/3242\/revisions"}],"predecessor-version":[{"id":3301,"href":"https:\/\/stg.unpr-rse.ro\/en\/wp-json\/wp\/v2\/pages\/3242\/revisions\/3301"}],"wp:attachment":[{"href":"https:\/\/stg.unpr-rse.ro\/en\/wp-json\/wp\/v2\/media?parent=3242"}],"curies":[{"name":"wp","href":"https:\/\/api.w.org\/{rel}","templated":true}]}}