{"id":2935,"date":"2024-01-21T10:06:59","date_gmt":"2024-01-21T10:06:59","guid":{"rendered":"https:\/\/stg.unpr-rse.ro\/?page_id=2935"},"modified":"2024-06-06T14:58:20","modified_gmt":"2024-06-06T14:58:20","slug":"blog","status":"publish","type":"page","link":"https:\/\/stg.unpr-rse.ro\/en\/blog\/","title":{"rendered":"Blog"},"content":{"rendered":"<div data-elementor-type=\"wp-page\" data-elementor-id=\"2935\" class=\"elementor elementor-2935\" data-elementor-post-type=\"page\">\n\t\t\t\t\t\t<section class=\"elementor-section elementor-top-section elementor-element elementor-element-4f149eb elementor-section-full_width elementor-section-height-default elementor-section-height-default\" data-id=\"4f149eb\" data-element_type=\"section\">\n\t\t\t\t\t\t<div class=\"elementor-container elementor-column-gap-no\">\n\t\t\t\t\t<div class=\"elementor-column elementor-col-100 elementor-top-column elementor-element elementor-element-bc23ceb\" data-id=\"bc23ceb\" data-element_type=\"column\">\n\t\t\t<div class=\"elementor-widget-wrap\">\n\t\t\t\t\t\t\t<\/div>\n\t\t<\/div>\n\t\t\t\t\t<\/div>\n\t\t<\/section>\n\t\t\t\t<section class=\"elementor-section elementor-top-section elementor-element elementor-element-e716c74 elementor-section-boxed elementor-section-height-default elementor-section-height-default\" data-id=\"e716c74\" data-element_type=\"section\" data-settings=\"{&quot;background_background&quot;:&quot;classic&quot;}\">\n\t\t\t\t\t\t<div class=\"elementor-container elementor-column-gap-default\">\n\t\t\t\t\t<div class=\"elementor-column elementor-col-100 elementor-top-column elementor-element elementor-element-876788a\" data-id=\"876788a\" data-element_type=\"column\">\n\t\t\t<div class=\"elementor-widget-wrap elementor-element-populated\">\n\t\t\t\t\t\t<div class=\"elementor-element elementor-element-0e2110d elementor-widget elementor-widget-modina_section_title\" data-id=\"0e2110d\" data-element_type=\"widget\" data-widget_type=\"modina_section_title.default\">\n\t\t\t\t<div class=\"elementor-widget-container\">\n\t\t\t\r\n        <div class=\"block-contents text-start\">\r\n        <div class=\"section-title\">\r\n            <h5 class=\"text-start\"><\/h5>\r\n            <span><\/span>\r\n            <h2>Stay Updated with the <span>Latest News<\/span><\/h2>\r\n        <\/div>\r\n            <\/div>\r\n    \r\n    \t\t<\/div>\n\t\t\t\t<\/div>\n\t\t\t\t<div class=\"elementor-element elementor-element-4a026df elementor-widget elementor-widget-modina_news_feeds\" data-id=\"4a026df\" data-element_type=\"widget\" data-widget_type=\"modina_news_feeds.default\">\n\t\t\t\t<div class=\"elementor-widget-container\">\n\t\t\t<div class=\"row\">\r\n        <div class=\"col-xl-4 col-md-6 col-12\">\r\n        <div class=\"single-blog-card\">\r\n                        <div class=\"featured-img bg-cover\" style=\"background-image: url('https:\/\/stg.unpr-rse.ro\/wp-content\/uploads\/2025\/02\/474108411_122149870934373478_609320552076034694_n.jpg')\">\r\n            <\/div>\r\n                        <div class=\"blog-details\">\r\n                <span><i class=\"fal fa-calendar-alt\"><\/i>February 17, 2025<\/span>\r\n                <h3><a href=\"https:\/\/stg.unpr-rse.ro\/en\/2025\/02\/17\/elevii-cnmb-stralucesc-la-olimpiada-zhautykov-din-kazahstan-sustinuti-de-unpr-rse-si-alti-parteneri\/\">The Students of CNMB Shine at the \"Zhautykov\" Olympiad in Kazakhstan, Supported by UNPR-RSE and Other Partners<\/a><\/h3>\r\n                <p>An exceptional group of students from the National College \u201cMircea cel<\/p>\r\n                                <a href=\"https:\/\/stg.unpr-rse.ro\/en\/2025\/02\/17\/elevii-cnmb-stralucesc-la-olimpiada-zhautykov-din-kazahstan-sustinuti-de-unpr-rse-si-alti-parteneri\/\" class=\"read-more-btn\">Read More<\/a>\r\n                            <\/div>\r\n        <\/div>\r\n    <\/div>\r\n        <div class=\"col-xl-4 col-md-6 col-12\">\r\n        <div class=\"single-blog-card\">\r\n                        <div class=\"featured-img bg-cover\" style=\"background-image: url('https:\/\/stg.unpr-rse.ro\/wp-content\/uploads\/2025\/02\/wet.png')\">\r\n            <\/div>\r\n                        <div class=\"blog-details\">\r\n                <span><i class=\"fal fa-calendar-alt\"><\/i>February 4, 2025<\/span>\r\n                <h3><a href=\"https:\/\/stg.unpr-rse.ro\/en\/2025\/02\/04\/experienta-noastra-la-world-economic-forum-2025-conexiuni-si-perspective-noi-din-davos\/\">Our Experience at the World Economic Forum 2025: New Connections and Perspectives from Davos<\/a><\/h3>\r\n                <p>Between January 21-23, 2025, Davos became, as it does every year,<\/p>\r\n                                <a href=\"https:\/\/stg.unpr-rse.ro\/en\/2025\/02\/04\/experienta-noastra-la-world-economic-forum-2025-conexiuni-si-perspective-noi-din-davos\/\" class=\"read-more-btn\">Read More<\/a>\r\n                            <\/div>\r\n        <\/div>\r\n    <\/div>\r\n        <div class=\"col-xl-4 col-md-6 col-12\">\r\n        <div class=\"single-blog-card\">\r\n                        <div class=\"featured-img bg-cover\" style=\"background-image: url('https:\/\/stg.unpr-rse.ro\/wp-content\/uploads\/2025\/02\/IMG_3913.jpg')\">\r\n            <\/div>\r\n                        <div class=\"blog-details\">\r\n                <span><i class=\"fal fa-calendar-alt\"><\/i>February 3, 2025<\/span>\r\n                <h3><a href=\"https:\/\/stg.unpr-rse.ro\/en\/2025\/02\/03\/ambasada-proiect-pilot-unpr-rse-devine-partener-al-asociatiei-arheul\/\">The Embassy, a pilot project of UNPR-RSE, becomes a partner of the Arheul Association<\/a><\/h3>\r\n                <p>The Embassy, UNPR-RSE's pilot initiative dedicated to supporting startups and entrepreneurs, announces a<\/p>\r\n                                <a href=\"https:\/\/stg.unpr-rse.ro\/en\/2025\/02\/03\/ambasada-proiect-pilot-unpr-rse-devine-partener-al-asociatiei-arheul\/\" class=\"read-more-btn\">Read More<\/a>\r\n                            <\/div>\r\n        <\/div>\r\n    <\/div>\r\n        <div class=\"col-xl-4 col-md-6 col-12\">\r\n        <div class=\"single-blog-card\">\r\n                        <div class=\"featured-img bg-cover\" style=\"background-image: url('https:\/\/stg.unpr-rse.ro\/wp-content\/uploads\/2025\/01\/IMG-24-at-12.00.54-8.jpeg')\">\r\n            <\/div>\r\n                        <div class=\"blog-details\">\r\n                <span><i class=\"fal fa-calendar-alt\"><\/i>January 29, 2025<\/span>\r\n                <h3><a href=\"https:\/\/stg.unpr-rse.ro\/en\/2025\/01\/29\/admintools-membru-unpr-rse-castiga-start-up-innovation-award-la-davos-innovation-week\/\">AdminTools, a UNPR-RSE member, wins the Start-Up Innovation Award at Davos Innovation Week<\/a><\/h3>\r\n                <p>At the Davos Innovation Week 2025 conference, organized on the occasion of the prestigious event<\/p>\r\n                                <a href=\"https:\/\/stg.unpr-rse.ro\/en\/2025\/01\/29\/admintools-membru-unpr-rse-castiga-start-up-innovation-award-la-davos-innovation-week\/\" class=\"read-more-btn\">Read More<\/a>\r\n                            <\/div>\r\n        <\/div>\r\n    <\/div>\r\n        <div class=\"col-xl-4 col-md-6 col-12\">\r\n        <div class=\"single-blog-card\">\r\n                        <div class=\"featured-img bg-cover\" style=\"background-image: url('https:\/\/stg.unpr-rse.ro\/wp-content\/uploads\/2025\/01\/Screenshot-2024-12-06-at-11.10.45-2.png')\">\r\n            <\/div>\r\n                        <div class=\"blog-details\">\r\n                <span><i class=\"fal fa-calendar-alt\"><\/i>January 28, 2025<\/span>\r\n                <h3><a href=\"https:\/\/stg.unpr-rse.ro\/en\/2025\/01\/28\/inovatie-de-la-virtono-membru-unpr-rse-aiwebsitebuilder-ro-revolutioneaza-crearea-de-website-uri-cu-inteligenta-artificiala\/\">Innovation from Virtono, a UNPR-RSE member: AIWebsiteBuilder.ro revolutionizes website creation with artificial intelligence<\/a><\/h3>\r\n                <p>It doesn't get simpler! Your own website in just a few minutes! \u2013 Virtono Networks<\/p>\r\n                                <a href=\"https:\/\/stg.unpr-rse.ro\/en\/2025\/01\/28\/inovatie-de-la-virtono-membru-unpr-rse-aiwebsitebuilder-ro-revolutioneaza-crearea-de-website-uri-cu-inteligenta-artificiala\/\" class=\"read-more-btn\">Read More<\/a>\r\n                            <\/div>\r\n        <\/div>\r\n    <\/div>\r\n        <div class=\"col-xl-4 col-md-6 col-12\">\r\n        <div class=\"single-blog-card\">\r\n                        <div class=\"featured-img bg-cover\" style=\"background-image: url('https:\/\/stg.unpr-rse.ro\/wp-content\/uploads\/2025\/01\/zdonauchem.jpg')\">\r\n            <\/div>\r\n                        <div class=\"blog-details\">\r\n                <span><i class=\"fal fa-calendar-alt\"><\/i>January 28, 2025<\/span>\r\n                <h3><a href=\"https:\/\/stg.unpr-rse.ro\/en\/2025\/01\/28\/combinatul-chimic-turnu-magurele-a-fost-preluat-de-o-companie-membra-unpr-rse\/\">The Turnu M\u0103gurele chemical plant has been acquired by a UNPR-RSE member company<\/a><\/h3>\r\n                <p>The Donau Chem Turnu M\u0103gurele fertilizer plant, once one of the most<\/p>\r\n                                <a href=\"https:\/\/stg.unpr-rse.ro\/en\/2025\/01\/28\/combinatul-chimic-turnu-magurele-a-fost-preluat-de-o-companie-membra-unpr-rse\/\" class=\"read-more-btn\">Read More<\/a>\r\n                            <\/div>\r\n        <\/div>\r\n    <\/div>\r\n        <div class=\"col-xl-4 col-md-6 col-12\">\r\n        <div class=\"single-blog-card\">\r\n                        <div class=\"featured-img bg-cover\" style=\"background-image: url('https:\/\/stg.unpr-rse.ro\/wp-content\/uploads\/2024\/09\/UNPR_Protocol_Colaborare_0151-2-scaled.jpg')\">\r\n            <\/div>\r\n                        <div class=\"blog-details\">\r\n                <span><i class=\"fal fa-calendar-alt\"><\/i>January 27, 2025<\/span>\r\n                <h3><a href=\"https:\/\/stg.unpr-rse.ro\/en\/2025\/01\/27\/daniel-moraru-dialogul-autoritati-mediu-de-afaceri-esential-pentru-redresarea-economica-a-romaniei-dupa-scaderea-ratingului-sp\/\">Daniel Moraru: Dialogue between authorities and the business environment is essential for Romania's economic recovery after the S&amp;P rating downgrade<\/a><\/h3>\r\n                <p>Standard &amp; Poor's has revised Romania's rating outlook, changing it from stable<\/p>\r\n                                <a href=\"https:\/\/stg.unpr-rse.ro\/en\/2025\/01\/27\/daniel-moraru-dialogul-autoritati-mediu-de-afaceri-esential-pentru-redresarea-economica-a-romaniei-dupa-scaderea-ratingului-sp\/\" class=\"read-more-btn\">Read More<\/a>\r\n                            <\/div>\r\n        <\/div>\r\n    <\/div>\r\n        <div class=\"col-xl-4 col-md-6 col-12\">\r\n        <div class=\"single-blog-card\">\r\n                        <div class=\"featured-img bg-cover\" style=\"background-image: url('https:\/\/stg.unpr-rse.ro\/wp-content\/uploads\/2024\/10\/770a7ba4-fa3b-4cda-80a9-59e3fa23c684.jpg')\">\r\n            <\/div>\r\n                        <div class=\"blog-details\">\r\n                <span><i class=\"fal fa-calendar-alt\"><\/i>October 25, 2024<\/span>\r\n                <h3><a href=\"https:\/\/stg.unpr-rse.ro\/en\/2024\/10\/25\/gitex-dubai-2024-membrii-si-partenerii-unpr-rse-prezenti-in-delegatia-oficiala-a-romaniei\/\">GITEX Dubai 2024: UNPR-RSE members and partners present in Romania's official delegation<\/a><\/h3>\r\n                <p>At GITEX Global 2024, one of the largest technology events<\/p>\r\n                                <a href=\"https:\/\/stg.unpr-rse.ro\/en\/2024\/10\/25\/gitex-dubai-2024-membrii-si-partenerii-unpr-rse-prezenti-in-delegatia-oficiala-a-romaniei\/\" class=\"read-more-btn\">Read More<\/a>\r\n                            <\/div>\r\n        <\/div>\r\n    <\/div>\r\n        <div class=\"col-xl-4 col-md-6 col-12\">\r\n        <div class=\"single-blog-card\">\r\n                        <div class=\"featured-img bg-cover\" style=\"background-image: url('https:\/\/stg.unpr-rse.ro\/wp-content\/uploads\/2024\/10\/04ca73a6-3f79-427c-835e-ee6cd0d7a16d.jpg')\">\r\n            <\/div>\r\n                        <div class=\"blog-details\">\r\n                <span><i class=\"fal fa-calendar-alt\"><\/i>October 21, 2024<\/span>\r\n                <h3><a href=\"https:\/\/stg.unpr-rse.ro\/en\/2024\/10\/21\/insolventa-intre-pericol-si-oportunitate-unpr-rse-rominsolv\/\">Insolvency \u2013 Between Risk and Opportunity: Solutions and Strategies for Entrepreneurs at the UNPR-RSE and RomInsolv Seminar<\/a><\/h3>\r\n                <p>On October 10, 2024, at Hotel Bulevard in Constan\u021ba, the Union<\/p>\r\n                                <a href=\"https:\/\/stg.unpr-rse.ro\/en\/2024\/10\/21\/insolventa-intre-pericol-si-oportunitate-unpr-rse-rominsolv\/\" class=\"read-more-btn\">Read More<\/a>\r\n                            <\/div>\r\n        <\/div>\r\n    <\/div>\r\n        <div class=\"col-xl-4 col-md-6 col-12\">\r\n        <div class=\"single-blog-card\">\r\n                        <div class=\"featured-img bg-cover\" style=\"background-image: url('https:\/\/stg.unpr-rse.ro\/wp-content\/uploads\/2024\/09\/Preview_Protocol_UNPR_BUVA_0011.jpg')\">\r\n            <\/div>\r\n                        <div class=\"blog-details\">\r\n                <span><i class=\"fal fa-calendar-alt\"><\/i>September 21, 2024<\/span>\r\n                <h3><a href=\"https:\/\/stg.unpr-rse.ro\/en\/2024\/09\/21\/unpr-rse-si-busan-venture-business-association-au-semnat-un-protocol-de-colaborare\/\">UNPR-RSE \u0219i Busan Venture Business Association au semnat un protocol de colaborare<\/a><\/h3>\r\n                <p>After UNPR South-East Region signed an agreement three months ago<\/p>\r\n                                <a href=\"https:\/\/stg.unpr-rse.ro\/en\/2024\/09\/21\/unpr-rse-si-busan-venture-business-association-au-semnat-un-protocol-de-colaborare\/\" class=\"read-more-btn\">Read More<\/a>\r\n                            <\/div>\r\n        <\/div>\r\n    <\/div>\r\n        <div class=\"col-xl-4 col-md-6 col-12\">\r\n        <div class=\"single-blog-card\">\r\n                        <div class=\"featured-img bg-cover\" style=\"background-image: url('https:\/\/stg.unpr-rse.ro\/wp-content\/uploads\/2024\/09\/Screenshot-2024-09-20-at-18.53.34.png')\">\r\n            <\/div>\r\n                        <div class=\"blog-details\">\r\n                <span><i class=\"fal fa-calendar-alt\"><\/i>September 20, 2024<\/span>\r\n                <h3><a href=\"https:\/\/stg.unpr-rse.ro\/en\/2024\/09\/20\/daniel-moraru-unpr-rse-militez-pentru-incurajarea-reprezentantilor-mediului-de-afaceri-de-a-investi-in-sportul-romanesc\/\">Daniel Moraru (Pre\u0219edinte UNPR-RSE): \u201dMilitez pentru \u00eencurajarea reprezentan\u021bilor mediului de afaceri de a investi \u00een sportul rom\u00e2nesc!\u201d<\/a><\/h3>\r\n                <p>Considering the fact that information has emerged in the public space stating that one<\/p>\r\n                                <a href=\"https:\/\/stg.unpr-rse.ro\/en\/2024\/09\/20\/daniel-moraru-unpr-rse-militez-pentru-incurajarea-reprezentantilor-mediului-de-afaceri-de-a-investi-in-sportul-romanesc\/\" class=\"read-more-btn\">Read More<\/a>\r\n                            <\/div>\r\n        <\/div>\r\n    <\/div>\r\n        <div class=\"col-xl-4 col-md-6 col-12\">\r\n        <div class=\"single-blog-card\">\r\n                        <div class=\"featured-img bg-cover\" style=\"background-image: url('https:\/\/stg.unpr-rse.ro\/wp-content\/uploads\/2024\/09\/UNPR_Protocol_Colaborare_0151-2-scaled.jpg')\">\r\n            <\/div>\r\n                        <div class=\"blog-details\">\r\n                <span><i class=\"fal fa-calendar-alt\"><\/i>September 5, 2024<\/span>\r\n                <h3><a href=\"https:\/\/stg.unpr-rse.ro\/en\/2024\/09\/05\/protocol-colaborare-republica-coreea\/\">Protocol de colaborare cu oamenii de afaceri din Coreea de Sud<\/a><\/h3>\r\n                <p>The National Union of Romanian Employers \u2013 South-East Region will sign a protocol<\/p>\r\n                                <a href=\"https:\/\/stg.unpr-rse.ro\/en\/2024\/09\/05\/protocol-colaborare-republica-coreea\/\" class=\"read-more-btn\">Read More<\/a>\r\n                            <\/div>\r\n        <\/div>\r\n    <\/div>\r\n        <div class=\"col-xl-4 col-md-6 col-12\">\r\n        <div class=\"single-blog-card\">\r\n                        <div class=\"featured-img bg-cover\" style=\"background-image: url('https:\/\/stg.unpr-rse.ro\/wp-content\/uploads\/2024\/07\/IMG_1634-38-scaled.jpg')\">\r\n            <\/div>\r\n                        <div class=\"blog-details\">\r\n                <span><i class=\"fal fa-calendar-alt\"><\/i>July 3, 2024<\/span>\r\n                <h3><a href=\"https:\/\/stg.unpr-rse.ro\/en\/2024\/07\/03\/semnarea-protocolului-ucraina\/\">Evenimentul de semnare a protocolului de colaborare cu Uniunea Antreprenorilor \u00centreprinderilor Mici, Mijlocii \u0219i Privatizate din Ucraina<\/a><\/h3>\r\n                <p>The National Union of Romanian Employers \u2013 South-East Region organized in Constan\u021ba,<\/p>\r\n                                <a href=\"https:\/\/stg.unpr-rse.ro\/en\/2024\/07\/03\/semnarea-protocolului-ucraina\/\" class=\"read-more-btn\">Read More<\/a>\r\n                            <\/div>\r\n        <\/div>\r\n    <\/div>\r\n        <div class=\"col-xl-4 col-md-6 col-12\">\r\n        <div class=\"single-blog-card\">\r\n                        <div class=\"featured-img bg-cover\" style=\"background-image: url('https:\/\/stg.unpr-rse.ro\/wp-content\/uploads\/2024\/06\/AC1_040-2-scaled.jpg')\">\r\n            <\/div>\r\n                        <div class=\"blog-details\">\r\n                <span><i class=\"fal fa-calendar-alt\"><\/i>June 15, 2024<\/span>\r\n                <h3><a href=\"https:\/\/stg.unpr-rse.ro\/en\/2024\/06\/15\/conferinta-de-presa-a-presedintelui-unpr-rse-daniel-moraru-anunturi-importante-pentru-mediul-de-afaceri\/\">The press conference of the President of UNPR-RSE, Daniel Moraru: Important Announcements for the Business Environment.<\/a><\/h3>\r\n                <p>On June 14th, Daniel Moraru, the President of UNPR-RSE, held a press conference<\/p>\r\n                                <a href=\"https:\/\/stg.unpr-rse.ro\/en\/2024\/06\/15\/conferinta-de-presa-a-presedintelui-unpr-rse-daniel-moraru-anunturi-importante-pentru-mediul-de-afaceri\/\" class=\"read-more-btn\">Read More<\/a>\r\n                            <\/div>\r\n        <\/div>\r\n    <\/div>\r\n        <div class=\"col-xl-4 col-md-6 col-12\">\r\n        <div class=\"single-blog-card\">\r\n                        <div class=\"featured-img bg-cover\" style=\"background-image: url('https:\/\/stg.unpr-rse.ro\/wp-content\/uploads\/2024\/06\/0x0.jpg')\">\r\n            <\/div>\r\n                        <div class=\"blog-details\">\r\n                <span><i class=\"fal fa-calendar-alt\"><\/i>June 12, 2024<\/span>\r\n                <h3><a href=\"https:\/\/stg.unpr-rse.ro\/en\/2024\/06\/12\/evaluarea-mediului-de-afaceri-din-constanta-un-an-de-succes-pentru-unpr-rse\/\">Evaluation of the Business Environment in Constan\u021ba: A Year of Success for UNPR-RSE<\/a><\/h3>\r\n                <p>This year, we, the National Union of Romanian Employers \u2013 South-East Region<\/p>\r\n                                <a href=\"https:\/\/stg.unpr-rse.ro\/en\/2024\/06\/12\/evaluarea-mediului-de-afaceri-din-constanta-un-an-de-succes-pentru-unpr-rse\/\" class=\"read-more-btn\">Read More<\/a>\r\n                            <\/div>\r\n        <\/div>\r\n    <\/div>\r\n        <div class=\"col-xl-4 col-md-6 col-12\">\r\n        <div class=\"single-blog-card\">\r\n                        <div class=\"featured-img bg-cover\" style=\"background-image: url('https:\/\/stg.unpr-rse.ro\/wp-content\/uploads\/2024\/04\/bd7e1e18-455f-446b-83ee-472966560e5f.jpg')\">\r\n            <\/div>\r\n                        <div class=\"blog-details\">\r\n                <span><i class=\"fal fa-calendar-alt\"><\/i>April 23, 2024<\/span>\r\n                <h3><a href=\"https:\/\/stg.unpr-rse.ro\/en\/2024\/04\/23\/daniel-moraru-ales-vicepresedinte-in-noua-conducere-a-unpr-pentru-urmatorii-patru-ani\/\">Daniel Moraru selected Vice President in the new UNPR leadership for the next four years<\/a><\/h3>\r\n                <p>UNPR Regiunea Sud-Est celebrates a remarkable achievement within the national structure<\/p>\r\n                                <a href=\"https:\/\/stg.unpr-rse.ro\/en\/2024\/04\/23\/daniel-moraru-ales-vicepresedinte-in-noua-conducere-a-unpr-pentru-urmatorii-patru-ani\/\" class=\"read-more-btn\">Read More<\/a>\r\n                            <\/div>\r\n        <\/div>\r\n    <\/div>\r\n        <div class=\"col-xl-4 col-md-6 col-12\">\r\n        <div class=\"single-blog-card\">\r\n                        <div class=\"featured-img bg-cover\" style=\"background-image: url('https:\/\/stg.unpr-rse.ro\/wp-content\/uploads\/2024\/03\/191b8af0-1d33-44b0-bf1e-678ea7916782.jpg')\">\r\n            <\/div>\r\n                        <div class=\"blog-details\">\r\n                <span><i class=\"fal fa-calendar-alt\"><\/i>March 24, 2024<\/span>\r\n                <h3><a href=\"https:\/\/stg.unpr-rse.ro\/en\/2024\/03\/24\/eveniment-de-mentorat-startup-uri-prin-afct\/\">Startup Mentoring Event through AFCT<\/a><\/h3>\r\n                <p>In a vibrant and inspirational atmosphere, Hubbin by the Association of Constanta Companies (AFCT)<\/p>\r\n                                <a href=\"https:\/\/stg.unpr-rse.ro\/en\/2024\/03\/24\/eveniment-de-mentorat-startup-uri-prin-afct\/\" class=\"read-more-btn\">Read More<\/a>\r\n                            <\/div>\r\n        <\/div>\r\n    <\/div>\r\n        <div class=\"col-xl-4 col-md-6 col-12\">\r\n        <div class=\"single-blog-card\">\r\n                        <div class=\"featured-img bg-cover\" style=\"background-image: url('https:\/\/stg.unpr-rse.ro\/wp-content\/uploads\/2024\/06\/IMG_6307-scaled.jpg')\">\r\n            <\/div>\r\n                        <div class=\"blog-details\">\r\n                <span><i class=\"fal fa-calendar-alt\"><\/i>February 12, 2024<\/span>\r\n                <h3><a href=\"https:\/\/stg.unpr-rse.ro\/en\/2024\/02\/12\/teodora-moraru-la-evenimentul-constanta-developers-dezbateri-despre-antreprenoriat-si-tehnologie\/\">Teodora Moraru at the Constanta Developers Event: discussions about entrepreneurship and technology<\/a><\/h3>\r\n                <p>On February 6th, the Constanta Developers community hosted a remarkable event, featuring<\/p>\r\n                                <a href=\"https:\/\/stg.unpr-rse.ro\/en\/2024\/02\/12\/teodora-moraru-la-evenimentul-constanta-developers-dezbateri-despre-antreprenoriat-si-tehnologie\/\" class=\"read-more-btn\">Read More<\/a>\r\n                            <\/div>\r\n        <\/div>\r\n    <\/div>\r\n        <div class=\"col-xl-4 col-md-6 col-12\">\r\n        <div class=\"single-blog-card\">\r\n                        <div class=\"featured-img bg-cover\" style=\"background-image: url('https:\/\/stg.unpr-rse.ro\/wp-content\/uploads\/2023\/08\/pexels-fauxels-3184433-scaled-e1692872545313.jpg')\">\r\n            <\/div>\r\n                        <div class=\"blog-details\">\r\n                <span><i class=\"fal fa-calendar-alt\"><\/i>September 2, 2023<\/span>\r\n                <h3><a href=\"https:\/\/stg.unpr-rse.ro\/en\/2023\/09\/02\/misiunea-noastra\/\">Our Mission<\/a><\/h3>\r\n                <p>We are the bridge between private companies in Romania, aiming to open<\/p>\r\n                                <a href=\"https:\/\/stg.unpr-rse.ro\/en\/2023\/09\/02\/misiunea-noastra\/\" class=\"read-more-btn\">Read More<\/a>\r\n                            <\/div>\r\n        <\/div>\r\n    <\/div>\r\n        <\/div>\t\t<\/div>\n\t\t\t\t<\/div>\n\t\t\t\t\t<\/div>\n\t\t<\/div>\n\t\t\t\t\t<\/div>\n\t\t<\/section>\n\t\t\t\t<\/div>","protected":false},"excerpt":{"rendered":"<p>Afl\u0103 ultimele Nout\u0103\u021bi April 23, 2024 Daniel Moraru ales Vicepre\u0219edinte \u00een noua conducere a UNPR pentru urm\u0103torii patru ani UNPR Regiunea Sud-Est celebreaz\u0103 o realizare deosebit\u0103 \u00een cadrul structurii na\u021bionale a Read More March 24, 2024 Eveniment de mentorat Startup-uri prin AFCT \u00centr-o atmosfer\u0103 vibrant\u0103 \u0219i inspira\u021bional\u0103, Hubbin by Asocia\u021bia Firmelor Const\u0103n\u021bene (AFCT) a Read [&hellip;]<\/p>","protected":false},"author":1,"featured_media":0,"parent":0,"menu_order":0,"comment_status":"closed","ping_status":"closed","template":"elementor_header_footer","meta":{"om_disable_all_campaigns":false,"_monsterinsights_skip_tracking":false,"_monsterinsights_sitenote_active":false,"_monsterinsights_sitenote_note":"","_monsterinsights_sitenote_category":0,"footnotes":""},"class_list":["post-2935","page","type-page","status-publish","hentry"],"acf":[],"aioseo_notices":[],"_links":{"self":[{"href":"https:\/\/stg.unpr-rse.ro\/en\/wp-json\/wp\/v2\/pages\/2935","targetHints":{"allow":["GET"]}}],"collection":[{"href":"https:\/\/stg.unpr-rse.ro\/en\/wp-json\/wp\/v2\/pages"}],"about":[{"href":"https:\/\/stg.unpr-rse.ro\/en\/wp-json\/wp\/v2\/types\/page"}],"author":[{"embeddable":true,"href":"https:\/\/stg.unpr-rse.ro\/en\/wp-json\/wp\/v2\/users\/1"}],"replies":[{"embeddable":true,"href":"https:\/\/stg.unpr-rse.ro\/en\/wp-json\/wp\/v2\/comments?post=2935"}],"version-history":[{"count":13,"href":"https:\/\/stg.unpr-rse.ro\/en\/wp-json\/wp\/v2\/pages\/2935\/revisions"}],"predecessor-version":[{"id":3558,"href":"https:\/\/stg.unpr-rse.ro\/en\/wp-json\/wp\/v2\/pages\/2935\/revisions\/3558"}],"wp:attachment":[{"href":"https:\/\/stg.unpr-rse.ro\/en\/wp-json\/wp\/v2\/media?parent=2935"}],"curies":[{"name":"wp","href":"https:\/\/api.w.org\/{rel}","templated":true}]}}